{"id":882,"date":"2013-10-24T16:26:56","date_gmt":"2013-10-24T14:26:56","guid":{"rendered":"http:\/\/www.mittelschule-parsberg.de\/ms\/?page_id=882"},"modified":"2013-10-24T16:26:56","modified_gmt":"2013-10-24T14:26:56","slug":"uebergangsklasse","status":"publish","type":"page","link":"https:\/\/mittelschule-parsberg.de\/ms\/?page_id=882","title":{"rendered":"Deutschklassen"},"content":{"rendered":"<table style=\"width: 129.43854324734446{8724dadc619e06e8beebc3292dfbda7ae64e2bcebc2d283199202d3e5e32ea46}; border-collapse: collapse;\" border=\"1\">\n<tbody>\n<tr style=\"background-color: #e8e8e8;\">\n<td>\n<h6><strong>Deutschklassen:<\/strong><\/h6>\n<\/td>\n<\/tr>\n<tr>\n<td style=\"background-color: #dcf7d5;\">An der MS Parsberg sind Deutschklassen bereits seit mehreren Jahren fester Bestandteil der Schulfamilie, in denen Kinder und Jugendliche, die aus dem Ausland zuziehen, zun\u00e4chst die deutsche Sprache erlernen k\u00f6nnen, bevor sie der ihrem Alter entsprechenden Regelklasse zugeteilt werden. Die deutsche Sprache ist die Voraussetzung f\u00fcr eine gelingende Integration, erfolgreiches Lernen und einen guten Schulabschluss.<\/p>\n<p><strong><u>Das sagt das Kultusministerium:<br \/>\n<\/u><\/strong>&#8222;Sch\u00fclerinnen und Sch\u00fcler mit nichtdeutscher Muttersprache, die nach Deutschland zugewandert sind und keine oder nur geringe Deutschkenntnisse haben, besuchen i. d. R. zun\u00e4chst f\u00fcr ein Schuljahr, maximal f\u00fcr zwei Schuljahre, eine Deutschklasse. Die Stundentafel f\u00fcr die Deutschklasse sieht in allen Jahrgangsstufen zehn Wochenstunden Unterricht im Fach <strong>Deutsch als Zweitsprache<\/strong> (DaZ) auf der Basis des LehrplanPLUS Grundschule bzw. Mittelschule vor, in denen sich die Sch\u00fclerinnen und Sch\u00fcler intensiv und systematisch mit dem Erlernen der deutschen Sprache besch\u00e4ftigen.<\/p>\n<p>Dar\u00fcber hinaus ist der Spracherwerb wesentliche Aufgabe aller F\u00e4cher. In einem <strong>sprachsensiblen Unterricht<\/strong> werden anhand der jeweils fachspezifischen Inhalte die erworbenen Sprachkompetenzen aufgegriffen und weiter ausgebaut.<\/p>\n<p>Im Bereich der <strong>\u201eSprach- und Lernpraxis\u201c<\/strong> werden die erworbenen F\u00e4higkeiten einge\u00fcbt, vertieft und in konkreten Handlunssituationen angewandt.<\/p>\n<p>Ziel der Deutschklasse ist es, die Sch\u00fclerinnen und Sch\u00fcler z\u00fcgig auf den Besuch einer Regelklasse vorzubereiten und so eine m\u00f6glichst rasche Integration der Kinder und Jugendlichen zu erm\u00f6glichen.\u00a0\u201c (Quelle: KM Bayern)<\/p>\n<p>Die MS Parsberg ist einer der Standorte von Deutschklassen f\u00fcr Mittelsch\u00fcler im Schulamtsbezirk Neumarkt. Sie steht f\u00fcr alle Kinder und Jugendliche des s\u00fcdlichen Teils des Schulamtsbezirks Neumarkt offen, die aus dem Ausland zuziehen und die deutsche Sprache erlernen wollen. Zuweisungen an die MS Parsberg erfolgen \u00fcber das Schulamt Neumarkt.<\/td>\n<\/tr>\n<\/tbody>\n<\/table>\n<p>&nbsp;<\/p>\n<p>&nbsp;<\/p>\n<p>&nbsp;<\/p>\n<p>&nbsp;<\/p>\n","protected":false},"excerpt":{"rendered":"<p>Deutschklassen: An der MS Parsberg sind Deutschklassen bereits seit mehreren Jahren fester Bestandteil der Schulfamilie, in denen Kinder und Jugendliche, die aus dem Ausland zuziehen, zun\u00e4chst die deutsche Sprache erlernen k\u00f6nnen, bevor sie der ihrem Alter entsprechenden Regelklasse zugeteilt werden. Die deutsche Sprache ist die Voraussetzung f\u00fcr eine gelingende Integration,&hellip; <\/p>\n","protected":false},"author":1,"featured_media":0,"parent":0,"menu_order":0,"comment_status":"closed","ping_status":"closed","template":"","meta":{"footnotes":""},"class_list":["post-882","page","type-page","status-publish","hentry"],"_links":{"self":[{"href":"https:\/\/mittelschule-parsberg.de\/ms\/index.php?rest_route=\/wp\/v2\/pages\/882","targetHints":{"allow":["GET"]}}],"collection":[{"href":"https:\/\/mittelschule-parsberg.de\/ms\/index.php?rest_route=\/wp\/v2\/pages"}],"about":[{"href":"https:\/\/mittelschule-parsberg.de\/ms\/index.php?rest_route=\/wp\/v2\/types\/page"}],"author":[{"embeddable":true,"href":"https:\/\/mittelschule-parsberg.de\/ms\/index.php?rest_route=\/wp\/v2\/users\/1"}],"replies":[{"embeddable":true,"href":"https:\/\/mittelschule-parsberg.de\/ms\/index.php?rest_route=%2Fwp%2Fv2%2Fcomments&post=882"}],"version-history":[{"count":0,"href":"https:\/\/mittelschule-parsberg.de\/ms\/index.php?rest_route=\/wp\/v2\/pages\/882\/revisions"}],"wp:attachment":[{"href":"https:\/\/mittelschule-parsberg.de\/ms\/index.php?rest_route=%2Fwp%2Fv2%2Fmedia&parent=882"}],"curies":[{"name":"wp","href":"https:\/\/api.w.org\/{rel}","templated":true}]}}