{"id":4886,"date":"2022-01-16T19:06:19","date_gmt":"2022-01-16T17:06:19","guid":{"rendered":"https:\/\/www.mittelschule-parsberg.de\/ms\/?page_id=4382"},"modified":"2022-01-16T19:06:19","modified_gmt":"2022-01-16T17:06:19","slug":"quali-fuer-externe-{8724dadc619e06e8beebc3292dfbda7ae64e2bcebc2d283199202d3e5e32ea46}c2{8724dadc619e06e8beebc3292dfbda7ae64e2bcebc2d283199202d3e5e32ea46}a7-28-mso","status":"publish","type":"page","link":"https:\/\/mittelschule-parsberg.de\/ms\/?page_id=4886","title":{"rendered":"&#8222;Quali&#8220; f\u00fcr Externe (\u00a7 28 MSO)"},"content":{"rendered":"<p>Sch\u00fclerinnen und Sch\u00fcler des Gymnasiums, der Realschule und der Wirtschaftsschule, die die 9. bzw. 10. Klasse voraussichtlich nicht bestehen und\u00a0 bei denen die Gefahr besteht, den mittleren Schulablschluss nicht zu erreichen, sollten sich dieser besonderen Leistungsfeststellung unterziehen. F\u00fcr Sch\u00fclerinnen und Sch\u00fcler mit insgesamt befriedigenden Noten ist dies nicht erforderlich.<\/p>\n<p>Bewerberinnen und Bewerber m\u00fcssen mindesten in der 9. Jahrgangsstufe sein. Der Antrag muss unter Angabe der gew\u00e4hlten F\u00e4cher bis zum <strong>1. M\u00e4rz des Pr\u00fcfungsjahres\u00a0<\/strong>gestellt werden. Informationen zum konkreten Anmeldeverfahren erhalten die Bewerberinnen und Bewerber an der Schule, die sie aktuell besuchen oder an der Schule die die Pr\u00fcfung durchf\u00fchrt.<\/p>\n<p>Termine f\u00fcr m\u00fcndliche und praktische Pr\u00fcfungen werden von der jeweiligen Mittelschule festgelegt.<\/p>\n<p>Folgende F\u00e4cher werden gepr\u00fcft:<\/p>\n<table style=\"border-collapse: collapse; width: 108.63636363636365{8724dadc619e06e8beebc3292dfbda7ae64e2bcebc2d283199202d3e5e32ea46}; height: 268px;\">\n<tbody>\n<tr style=\"height: 28px; background-color: #bfbfbf;\">\n<td style=\"width: 73.22169065550906{8724dadc619e06e8beebc3292dfbda7ae64e2bcebc2d283199202d3e5e32ea46}; height: 28px;\" colspan=\"2\"><strong>Fach<\/strong><\/td>\n<td style=\"width: 35.41457298085457{8724dadc619e06e8beebc3292dfbda7ae64e2bcebc2d283199202d3e5e32ea46}; height: 28px;\"><strong>Art der Pr\u00fcfung<\/strong><\/td>\n<\/tr>\n<tr style=\"height: 30px;\">\n<td style=\"width: 73.22169065550906{8724dadc619e06e8beebc3292dfbda7ae64e2bcebc2d283199202d3e5e32ea46}; height: 30px;\" colspan=\"2\">Deutsch bzw. Deutsch als Zweitsprache<\/td>\n<td style=\"width: 35.41457298085457{8724dadc619e06e8beebc3292dfbda7ae64e2bcebc2d283199202d3e5e32ea46}; height: 30px;\">schriftlich<\/td>\n<\/tr>\n<tr style=\"height: 30px;\">\n<td style=\"width: 73.22169065550906{8724dadc619e06e8beebc3292dfbda7ae64e2bcebc2d283199202d3e5e32ea46}; height: 30px;\" colspan=\"2\">Mathematik<\/td>\n<td style=\"width: 35.41457298085457{8724dadc619e06e8beebc3292dfbda7ae64e2bcebc2d283199202d3e5e32ea46}; height: 30px;\">schriftlich<\/td>\n<\/tr>\n<tr style=\"height: 30px;\">\n<td style=\"width: 24.99996666666667{8724dadc619e06e8beebc3292dfbda7ae64e2bcebc2d283199202d3e5e32ea46}; height: 90px;\" rowspan=\"3\">zwei F\u00e4cher aus:<\/td>\n<td style=\"width: 48.2217239888424{8724dadc619e06e8beebc3292dfbda7ae64e2bcebc2d283199202d3e5e32ea46}; height: 30px;\">Englisch bzw. Muttersprache<\/td>\n<td style=\"width: 35.41457298085457{8724dadc619e06e8beebc3292dfbda7ae64e2bcebc2d283199202d3e5e32ea46}; height: 30px;\">schriftlich und m\u00fcndlich<\/td>\n<\/tr>\n<tr style=\"height: 30px;\">\n<td style=\"width: 48.2217239888424{8724dadc619e06e8beebc3292dfbda7ae64e2bcebc2d283199202d3e5e32ea46}; height: 30px;\">Natur und Technik<\/td>\n<td style=\"width: 35.41457298085457{8724dadc619e06e8beebc3292dfbda7ae64e2bcebc2d283199202d3e5e32ea46}; height: 30px;\">schriftlich<\/td>\n<\/tr>\n<tr style=\"height: 30px;\">\n<td style=\"width: 48.2217239888424{8724dadc619e06e8beebc3292dfbda7ae64e2bcebc2d283199202d3e5e32ea46}; height: 30px;\">Geschichte\/Politik\/Geographie<\/td>\n<td style=\"width: 35.41457298085457{8724dadc619e06e8beebc3292dfbda7ae64e2bcebc2d283199202d3e5e32ea46}; height: 30px;\">schriftlich<\/td>\n<\/tr>\n<tr style=\"height: 30px;\">\n<td style=\"height: 90px; width: 24.99996666666667{8724dadc619e06e8beebc3292dfbda7ae64e2bcebc2d283199202d3e5e32ea46};\">oder <u>ein<\/u> Fach aus:<\/td>\n<td style=\"width: 48.2217239888424{8724dadc619e06e8beebc3292dfbda7ae64e2bcebc2d283199202d3e5e32ea46}; height: 30px;\">&#8211; Englisch bzw. Muttersprache oder<br \/>\n&#8211; Natur und Technik oder<br \/>\n&#8211; Geschichte\/Politik\/Geographie<\/p>\n<p><b><u>UND<\/u> <\/b>Projektpr\u00fcfung<\/td>\n<td style=\"width: 35.41457298085457{8724dadc619e06e8beebc3292dfbda7ae64e2bcebc2d283199202d3e5e32ea46}; height: 30px;\"><\/td>\n<\/tr>\n<tr style=\"height: 30px;\">\n<td style=\"width: 24.99996666666667{8724dadc619e06e8beebc3292dfbda7ae64e2bcebc2d283199202d3e5e32ea46};\" rowspan=\"5\">ein Fach aus:<\/td>\n<td style=\"width: 48.2217239888424{8724dadc619e06e8beebc3292dfbda7ae64e2bcebc2d283199202d3e5e32ea46}; height: 30px;\">Religion, Ethik, Islamischer Unterricht<\/td>\n<td style=\"width: 35.41457298085457{8724dadc619e06e8beebc3292dfbda7ae64e2bcebc2d283199202d3e5e32ea46}; height: 30px;\">schriftlich<\/td>\n<\/tr>\n<tr style=\"height: 30px;\">\n<td style=\"width: 48.2217239888424{8724dadc619e06e8beebc3292dfbda7ae64e2bcebc2d283199202d3e5e32ea46}; height: 30px;\">Sport<\/td>\n<td style=\"width: 35.41457298085457{8724dadc619e06e8beebc3292dfbda7ae64e2bcebc2d283199202d3e5e32ea46}; height: 30px;\" rowspan=\"2\">schriftlich oder m\u00fcndlich und praktisch<\/td>\n<\/tr>\n<tr>\n<td style=\"width: 48.2217239888424{8724dadc619e06e8beebc3292dfbda7ae64e2bcebc2d283199202d3e5e32ea46};\">Musik oder Kunst<\/td>\n<\/tr>\n<tr>\n<td style=\"width: 48.2217239888424{8724dadc619e06e8beebc3292dfbda7ae64e2bcebc2d283199202d3e5e32ea46};\">Informatik, Informatik und digitales Gestalten<\/td>\n<td style=\"width: 35.41457298085457{8724dadc619e06e8beebc3292dfbda7ae64e2bcebc2d283199202d3e5e32ea46};\">schriftlich und praktisch<\/td>\n<\/tr>\n<tr>\n<td style=\"width: 48.2217239888424{8724dadc619e06e8beebc3292dfbda7ae64e2bcebc2d283199202d3e5e32ea46};\">Buchf\u00fchrung<\/td>\n<td style=\"width: 35.41457298085457{8724dadc619e06e8beebc3292dfbda7ae64e2bcebc2d283199202d3e5e32ea46};\">schriftlich<\/td>\n<\/tr>\n<\/tbody>\n<\/table>\n<p>Die Leistungsanforderungen richten sich nach dem g\u00fcltigen Lehrplan der bayerischen Mittelschule und umfassen den Stoffbereich der 9. Jahrgangsstufe<sup>2<\/sup>.<\/p>\n<p>Jahresfortgangsnoten werden in der Festlegung der Gesamtnoten nicht mit einbezogen. Zur Errechnung der Gesamtbewertung wird die gewichtete Summe aus den erzielten Einzelnoten durch 9 geteilt. Wer bei der Gesamtbewertung mindestens die Note 3,0 erreicht, erh\u00e4lt das Zeugnis \u00fcber den qualifizierenden Abschluss der Mittelschule.<\/p>\n<p>&nbsp;<\/p>\n<p>Informationen zu Lehrplan- und Pr\u00fcfungsinhalten finden Sie unter <u>www.lehrplanplus.bayern.de<\/u><\/p>\n<p>&nbsp;<\/p>\n","protected":false},"excerpt":{"rendered":"<p>Sch\u00fclerinnen und Sch\u00fcler des Gymnasiums, der Realschule und der Wirtschaftsschule, die die 9. bzw. 10. Klasse voraussichtlich nicht bestehen und\u00a0 bei denen die Gefahr besteht, den mittleren Schulablschluss nicht zu erreichen, sollten sich dieser besonderen Leistungsfeststellung unterziehen. F\u00fcr Sch\u00fclerinnen und Sch\u00fcler mit insgesamt befriedigenden Noten ist dies nicht erforderlich. Bewerberinnen&hellip; <\/p>\n","protected":false},"author":1,"featured_media":0,"parent":0,"menu_order":0,"comment_status":"closed","ping_status":"closed","template":"","meta":{"footnotes":""},"class_list":["post-4886","page","type-page","status-publish","hentry"],"_links":{"self":[{"href":"https:\/\/mittelschule-parsberg.de\/ms\/index.php?rest_route=\/wp\/v2\/pages\/4886","targetHints":{"allow":["GET"]}}],"collection":[{"href":"https:\/\/mittelschule-parsberg.de\/ms\/index.php?rest_route=\/wp\/v2\/pages"}],"about":[{"href":"https:\/\/mittelschule-parsberg.de\/ms\/index.php?rest_route=\/wp\/v2\/types\/page"}],"author":[{"embeddable":true,"href":"https:\/\/mittelschule-parsberg.de\/ms\/index.php?rest_route=\/wp\/v2\/users\/1"}],"replies":[{"embeddable":true,"href":"https:\/\/mittelschule-parsberg.de\/ms\/index.php?rest_route=%2Fwp%2Fv2%2Fcomments&post=4886"}],"version-history":[{"count":0,"href":"https:\/\/mittelschule-parsberg.de\/ms\/index.php?rest_route=\/wp\/v2\/pages\/4886\/revisions"}],"wp:attachment":[{"href":"https:\/\/mittelschule-parsberg.de\/ms\/index.php?rest_route=%2Fwp%2Fv2%2Fmedia&parent=4886"}],"curies":[{"name":"wp","href":"https:\/\/api.w.org\/{rel}","templated":true}]}}