{"id":4861,"date":"2018-05-05T11:28:27","date_gmt":"2018-05-05T09:28:27","guid":{"rendered":"http:\/\/www.mittelschule-parsberg.de\/ms\/?page_id=3123"},"modified":"2018-05-05T11:28:27","modified_gmt":"2018-05-05T09:28:27","slug":"leitbild-2-3","status":"publish","type":"page","link":"https:\/\/mittelschule-parsberg.de\/ms\/?page_id=4861","title":{"rendered":"Leitbild"},"content":{"rendered":"<p><strong>Leitbild der MS Parsberg \u2013 KUSS <\/strong><\/p>\n<p>Dieses Leitbild soll f\u00fcr alle am Schulleben Beteiligten ein normativer Rahmen auf dem Weg in die Zukunft sein. Gleichzeitig stellt es eine Orientierungshilfe zur Verwirklichung unserer Ziele dar. Es zeigt die Besonderheiten unserer Schule auf, gibt Auskunft \u00fcber unsere Ziele und ist der Gradmesser f\u00fcr die kritische \u00dcberpr\u00fcfung der Umsetzung dieser Ziele. Es erm\u00f6glicht au\u00dferdem einer interessierten \u00d6ffentlichkeit, unsere Schule und die sie tragenden Werte und Ziele kennen zu lernen. Ein Leitbild ist kein Dogma. Es setzt Schwerpunkte, die wir in unserer Arbeit konkretisieren und vertiefen wollen.<!--more--><\/p>\n<p><strong>Kooperation<\/strong><\/p>\n<p>Wir legen gro\u00dfen Wert auf ein vertrauensvolles Miteinander aller am Schulleben Beteiligten. Unsere Bem\u00fchungen gelten einer Kommunikationskultur, die von gegenseitigem Respekt und transparenten Entscheidungsprozessen gepr\u00e4gt ist. Eine enge und teamorientierte kollegiale Zusammenarbeit soll uns helfen, \u00dcbereinstimmung und Verbindlichkeit in unseren Erziehungszielen zu erreichen. Schulleitung, Lehrkr\u00e4fte, Eltern und externe Mitarbeiter verstehen sich als Partner in der p\u00e4dagogischen Arbeit.<\/p>\n<p><strong>Unterricht<\/strong><\/p>\n<p>Eine hohe Unterrichtsqualit\u00e4t ist zentrales Anliegen unseres Tuns. Unsere Sch\u00fcler werden von qualifizierten Lehrkr\u00e4ften auf eine erfolgreiche Zukunft in Beruf und Gesellschaft vorbereitet. Sie erwerben dank moderner Unterrichtsmethoden sowohl ein fundiertes Wissen als auch Kompetenzen, die sie bef\u00e4higen, Probleme und Aufgaben selbst\u00e4ndig zu l\u00f6sen. So \u00fcbernehmen sie Sch\u00fclerinnen und Sch\u00fcler zunehmend Verantwortung f\u00fcr den eigenen Lernprozess und ihr pers\u00f6nliches Fortkommen.<\/p>\n<p><strong>Soziales Lernen<\/strong><\/p>\n<p>Das Fundament unserer p\u00e4dagogischen Arbeit ist die freiheitlich demokratische Grundordnung und unser christlicher Glaube. An der MS Parsberg sollen Sch\u00fcler nicht nur Fachkenntnisse und Fertigkeiten erwerben, sondern in einem sozialen Klima heranwachsen, das die Entwicklung der gesamten Pers\u00f6nlichkeit f\u00f6rdert. Zentrale Werte dieser Entwicklung sehen wir in gegenseitiger Achtung, Respekt und Toleranz und in der Bereitschaft, Verantwortung zu \u00fcbernehmen. Es ist uns als Schulgemeinschaft wichtig, einander zuzuh\u00f6ren, unterschiedliche Meinungen zu akzeptieren, Kompromisse einzugehen, einander h\u00f6flich zu begegnen und das soziale Miteinander zu st\u00e4rken. Um diese Werte zu verwirklichen, entwickeln wir Regeln, die wir als Lehrkr\u00e4fte einhalten und deren Einhaltung wir von unseren Sch\u00fclern einfordern wollen.<\/p>\n<p><strong>Systematische Weiterentwicklung<\/strong><\/p>\n<p>Wir wollen Innovation f\u00f6rdern und die Qualit\u00e4t unserer Schule verbessern. Eine systematische Weiterbildung unserer Lehrkr\u00e4fte dient der Sicherung und Verbesserung der Unterrichtsqualit\u00e4t an unserer Mittelschule. Aktuelle Entwicklungen in der Bildungspolitik betrachten wir als Anregungen, auf die wir flexibel und gestaltend reagieren wollen. Wir orientieren uns \u00fcber die bayerischen Qualit\u00e4tsma\u00dfst\u00e4be hinaus an europ\u00e4ischen und internationalen Standards.<\/p>\n","protected":false},"excerpt":{"rendered":"<p>Leitbild der MS Parsberg \u2013 KUSS Dieses Leitbild soll f\u00fcr alle am Schulleben Beteiligten ein normativer Rahmen auf dem Weg in die Zukunft sein. Gleichzeitig stellt es eine Orientierungshilfe zur Verwirklichung unserer Ziele dar. Es zeigt die Besonderheiten unserer Schule auf, gibt Auskunft \u00fcber unsere Ziele und ist der Gradmesser&hellip; <\/p>\n","protected":false},"author":2,"featured_media":3049,"parent":0,"menu_order":0,"comment_status":"closed","ping_status":"closed","template":"page-templates\/idyllic-corporate.php","meta":{"footnotes":""},"class_list":["post-4861","page","type-page","status-publish","has-post-thumbnail","hentry"],"_links":{"self":[{"href":"https:\/\/mittelschule-parsberg.de\/ms\/index.php?rest_route=\/wp\/v2\/pages\/4861","targetHints":{"allow":["GET"]}}],"collection":[{"href":"https:\/\/mittelschule-parsberg.de\/ms\/index.php?rest_route=\/wp\/v2\/pages"}],"about":[{"href":"https:\/\/mittelschule-parsberg.de\/ms\/index.php?rest_route=\/wp\/v2\/types\/page"}],"author":[{"embeddable":true,"href":"https:\/\/mittelschule-parsberg.de\/ms\/index.php?rest_route=\/wp\/v2\/users\/2"}],"replies":[{"embeddable":true,"href":"https:\/\/mittelschule-parsberg.de\/ms\/index.php?rest_route=%2Fwp%2Fv2%2Fcomments&post=4861"}],"version-history":[{"count":0,"href":"https:\/\/mittelschule-parsberg.de\/ms\/index.php?rest_route=\/wp\/v2\/pages\/4861\/revisions"}],"wp:featuredmedia":[{"embeddable":true,"href":"https:\/\/mittelschule-parsberg.de\/ms\/index.php?rest_route=\/wp\/v2\/media\/3049"}],"wp:attachment":[{"href":"https:\/\/mittelschule-parsberg.de\/ms\/index.php?rest_route=%2Fwp%2Fv2%2Fmedia&parent=4861"}],"curies":[{"name":"wp","href":"https:\/\/api.w.org\/{rel}","templated":true}]}}