{"id":4859,"date":"2018-05-05T09:35:03","date_gmt":"2018-05-05T07:35:03","guid":{"rendered":"http:\/\/www.mittelschule-parsberg.de\/ms\/?page_id=3111"},"modified":"2018-05-05T09:35:03","modified_gmt":"2018-05-05T07:35:03","slug":"datenschutz","status":"publish","type":"page","link":"https:\/\/mittelschule-parsberg.de\/ms\/?page_id=4859","title":{"rendered":"Datenschutz"},"content":{"rendered":"<p><strong>Datenschutzerkl\u00e4rung<\/strong><\/p>\n<p>Diese Datenschutzerkl\u00e4rung bezieht sich auf die Verarbeitung personenbezogener Daten im Rahmen dieses Internetauftritts, einschlie\u00dflich der dort angebotenen Dienste.<\/p>\n<p>F\u00fcr n\u00e4here Informationen zur Verarbeitung Ihrer personenbezogenen Daten k\u00f6nnen Sie uns unter den unten genannten Kontaktdaten erreichen.<\/p>\n<p><strong>Allgemeine Hinweise <\/strong><\/p>\n<p><strong>Name und Kontaktdaten des Verantwortlichen<\/strong><\/p>\n<p>Mittelschule Parsberg<\/p>\n<p>Rektor Matthias Ferstl<\/p>\n<p>Konrektor Roland Hutschenreiter<\/p>\n<p>Aschenbrennerstr. 8<\/p>\n<p>92331 Parsberg<\/p>\n<p><strong>Telefon:<\/strong> 09492 9010 40<\/p>\n<p><strong>Telefax:<\/strong> 09492 9010470<\/p>\n<p><strong>Emailadresse:<\/strong> <a href=\"http:\/\/sekretariat@mittelschule-parsberg.de\">sekretariat@mittelschule-parsberg.de<\/a><\/p>\n<p>&nbsp;<\/p>\n<p><strong>Kontaktdaten des Datenschutzbeauftragten <\/strong><\/p>\n<p>Sie erreichen unseren beh\u00f6rdlichen Datenschutzbeauftragten unter:<\/p>\n<p><em>\u00a0<\/em><em>Der Beh\u00f6rdliche Datenschutzbeauftragte der Grund-, Mittel- und F\u00f6rderschulen am Staatl. Schulamt <\/em>Neumarkt i. d. OPf, Norbert Raith<\/p>\n<p><em>Postanschrift: <\/em>@Mittelschule Dietfurt<\/p>\n<p>Mallerstetter Str. 25<\/p>\n<p>92345 Dietfurt<\/p>\n<p>Tel.: 08464-381<\/p>\n<p>Fax: 08464-9091<\/p>\n<p><em>E-Mail: <\/em><a href=\"mailto:Raith-NM-DSB@gmx.de\">Raith-NM-DSB@gmx.de<\/a><\/p>\n<p><em>\u00a0<\/em><\/p>\n<p><strong>Zwecke und Rechtsgrundlagen f\u00fcr die Verarbeitung personenbezogener Daten<\/strong><\/p>\n<p>Zweck der Verarbeitung ist die Erf\u00fcllung der uns vom Gesetzgeber zugewiesenen \u00f6ffentlichen Aufgaben.<\/p>\n<p>Die Rechtsgrundlage f\u00fcr die Verarbeitung Ihrer Daten ergibt sich, soweit nichts anderes angegeben ist, aus Art. 4 Abs. 1 des Bayerischen Datenschutzgesetzes (BayDSG) in Verbindung mit Art. 6 Abs. 1 Buchstabe e der Datenschutzgrundverordnung (DSGVO). Demnach ist es uns erlaubt, die zur Erf\u00fcllung einer uns obliegenden Aufgabe erforderlichen Daten zu verarbeiten.<\/p>\n<p>Soweit Sie in eine Verarbeitung eingewilligt haben, st\u00fctzt sich die Datenverarbeitung auf Art. 6 Abs. 1 Buchstabe a DSGVO.<\/p>\n<p><strong>Empf\u00e4nger von personenbezogenen Daten <\/strong><\/p>\n<p>Soweit Ihre Daten elektronisch verarbeitet werden, erfolgt der technische Betrieb unserer Datenverarbeitungssysteme durch<\/p>\n<p><em>ASAMnet e.V.<\/em><\/p>\n<p><em>Emailfabrikstra\u00dfe 12<br \/>\n92224 Amberg<\/em><\/p>\n<p><em>Telefon\u00a0 0 96 21 \/ 49 64 26<br \/>\nHotline\u00a0 0 96 21 \/ 49 64 25<br \/>\nTelefax\u00a0 0 96 21 \/ 49 64 27<\/em><\/p>\n<p>Gegebenenfalls werden Ihre Daten an die zust\u00e4ndigen Aufsichts- und Rechnungspr\u00fcfungsbeh\u00f6rden zur Wahrnehmung der jeweiligen Kontrollrechte \u00fcbermittelt.<\/p>\n<p>Zur Abwehr von Gefahren f\u00fcr die Sicherheit in der Informationstechnik k\u00f6nnen Protokolldaten auf Grundlage von Art. 12 des Bayerischen E-Government-Gesetzes an das Landesamt f\u00fcr Sicherheit in der Informationstechnik weitergeleitet werden (n\u00e4heres siehe unter \u201eProtokollierung\u201c).<\/p>\n<p><strong>Dauer der Speicherung der personenbezogenen Daten <\/strong><\/p>\n<p>Ihre Daten werden nur so lange gespeichert, wie dies unter Beachtung gesetzlicher Aufbewahrungsfristen f\u00fcr zur Aufgabenerf\u00fcllung erforderlich ist.<\/p>\n<p><strong>Rechte der betroffenen Person<\/strong><\/p>\n<p>Soweit wir von Ihnen personenbezogene Daten verarbeiten, stehen Ihnen als Betroffener nachfolgende Rechte zu:<\/p>\n<ul>\n<li>Werden Ihre personenbezogenen Daten verarbeitet, so haben Sie das Recht, Auskunft \u00fcber die zu Ihrer Person gespeicherten Daten zu erhalten (Art. 15 DSGVO).<\/li>\n<li>Sollten unrichtige personenbezogene Daten verarbeitet werden, steht Ihnen ein Recht auf Berichtigung zu (Art. 16 DSGVO).<\/li>\n<li>Liegen die gesetzlichen Voraussetzungen vor, so k\u00f6nnen Sie die L\u00f6schung oder Einschr\u00e4nkung der Verarbeitung verlangen, sowie Widerspruch gegen die Verarbeitung einlegen (Art. 17, 18 und 21 DSGVO).<\/li>\n<li>Wenn Sie in die Verarbeitung eingewilligt haben oder ein Vertrag zur Datenverarbeitung besteht und die Datenverarbeitung mithilfe automatisierter Verfahren durchgef\u00fchrt wird, steht Ihnen gegebenenfalls ein Recht auf Daten\u00fcbertragbarkeit zu (Art. 20 DSGVO).<\/li>\n<li>Falls Sie in die Verarbeitung eingewilligt haben und die Verarbeitung auf dieser Einwilligung beruht, k\u00f6nnen Sie die Einwilligung jederzeit f\u00fcr die Zukunft widerrufen. Die Rechtm\u00e4\u00dfigkeit der aufgrund der Einwilligung bis zum Widerruf erfolgten Datenverarbeitung wird durch diesen nicht ber\u00fchrt.<\/li>\n<\/ul>\n<p>Ausf\u00fchrlichere Informationen zu diesen Rechten erteilt Ihnen auch unser beh\u00f6rdlicher Datenschutzbeauftragter.<\/p>\n<p><strong>Beschwerderecht bei der Aufsichtsbeh\u00f6rde<\/strong><\/p>\n<p>Weiterhin besteht ein Beschwerderecht beim Bayerischen Landesbeauftragten f\u00fcr den Datenschutz. Diesen k\u00f6nnen Sie unter folgenden Kontaktdaten erreichen:<\/p>\n<p>Postanschrift: Postfach 22 12 19, 80502 M\u00fcnchen<\/p>\n<p>Adresse:\u00a0 Wagm\u00fcllerstra\u00dfe 18, 80538 M\u00fcnchen<\/p>\n<p>Telefon:\u00a0 089 212672-0<\/p>\n<p>Telefax:\u00a0 089 212672-50<\/p>\n<p>E-Mail:\u00a0 <a href=\"mailto:poststelle@datenschutz-bayern.de\">poststelle@datenschutz-bayern.de<\/a><\/p>\n<p>Internet: https:\/\/www.datenschutz-bayern.de\/<\/p>\n<p>&nbsp;<\/p>\n<p><strong>Besondere Hinweise zum Internetangebot<\/strong><\/p>\n<p><strong>Technische Umsetzung<\/strong><\/p>\n<p>Unser Webserver wird durch (Name Auftragsverarbeiter) betrieben. Die von Ihnen im Rahmen des Besuchs unseres Webauftritts \u00fcbermittelten personenbezogenen Daten werden daher in unserem Auftrag durch (Name Auftragsverarbeiter) verarbeitet:<\/p>\n<p><em>ASAMnet e.V.<\/em><\/p>\n<p><em>Emailfabrikstra\u00dfe 12<br \/>\n92224 Amberg<\/em><\/p>\n<p><em>Telefon\u00a0 0 96 21 \/ 49 64 26<br \/>\nHotline\u00a0 0 96 21 \/ 49 64 25<br \/>\nTelefax\u00a0 0 96 21 \/ 49 64 27<\/em><\/p>\n<p>&nbsp;<\/p>\n<p><strong>Protokollierung <\/strong><\/p>\n<p>Wenn Sie diese oder andere Internetseiten aufrufen, \u00fcbermitteln Sie \u00fcber Ihren Internetbrowser Daten an unseren Webserver. Die folgenden Daten werden w\u00e4hrend einer laufenden Verbindung zur Kommunikation zwischen Ihrem Internetbrowser und unserem Webserver aufgezeichnet:<\/p>\n<ul>\n<li>Datum und Uhrzeit der Anforderung<\/li>\n<li>Name der angeforderten Datei<\/li>\n<li>Seite, von der aus die Datei angefordert wurde<\/li>\n<li>Zugriffsstatus (Datei \u00fcbertragen, Datei nicht gefunden, etc.)<\/li>\n<li>verwendete Webbrowser und verwendetes Betriebssystem<\/li>\n<li>vollst\u00e4ndige IP-Adresse des anfordernden Rechners<\/li>\n<li>\u00fcbertragene Datenmenge.<\/li>\n<\/ul>\n<p>Nach Ende der Verbindung werden diese Daten gel\u00f6scht.<\/p>\n<p><strong>Cookies <\/strong><\/p>\n<p>Wir setzen ein Session-Cookie (Sitzungsbezeichner), das nach Beendigung der Sitzung gel\u00f6scht wird.<\/p>\n<p><strong>Aktive Komponenten <\/strong><\/p>\n<p>Im Informationsangebot <em>der ver\u00f6ffentlichenden Beh\u00f6rde <\/em>werden keine aktiven Komponenten wie Javascript, Java-Applets oder Active-X-Controls verwendet.<\/p>\n<p><strong>Auswertung des Nutzerverhaltens (Webtracking-Systeme) <\/strong><\/p>\n<p>Programme zur Auswertung des Nutzerverhaltens werden von uns nicht eingesetzt.<\/p>\n<p><strong>Elektronische Post (E-Mail) <\/strong><\/p>\n<p>Informationen, die Sie unverschl\u00fcsselt per Elektronische Post (E-Mail) an uns senden, k\u00f6nnen m\u00f6glicherweise auf dem \u00dcbertragungsweg von Dritten gelesen werden. Wir k\u00f6nnen in der Regel auch Ihre Identit\u00e4t nicht \u00fcberpr\u00fcfen und wissen nicht, wer sich hinter einer E-Mail-Adresse verbirgt. Eine rechtssichere Kommunikation durch einfache E-Mail ist daher nicht gew\u00e4hrleistet. Wir setzen \u2013 wie viele E-Mail-Anbieter \u2013 Filter gegen unerw\u00fcnschte Werbung (\u201eSPAM-Filter\u201c) ein, die in seltenen F\u00e4llen auch normale E-Mails f\u00e4lschlicherweise automatisch als unerw\u00fcnschte Werbung einordnen und l\u00f6schen. E-Mails, die sch\u00e4digende Programme (\u201eViren\u201c) enthalten, werden von uns in jedem Fall automatisch gel\u00f6scht.<\/p>\n<p>Wenn Sie schutzw\u00fcrdige Nachrichten an uns senden wollen, empfehlen wir, diese auf konventionellem Postwege an uns zu senden.<\/p>\n<p><strong>Fotoaufnahmen<\/strong><\/p>\n<p>Im Rahmen unserer Presse- und \u00d6ffentlichkeitsarbeit werden bei Veranstaltungen und Terminen Fotos aufgenommen, auf denen Sie gegebenenfalls erkennbar zu sehen sind. Der Aufnahme und\/oder einer Ver\u00f6ffentlichung k\u00f6nnen Sie widersprechen.<\/p>\n<p>Bitte nutzten Sie f\u00fcr Ihren Widerspruch die oben genannten Kontaktdaten.<\/p>\n","protected":false},"excerpt":{"rendered":"<p>Datenschutzerkl\u00e4rung Diese Datenschutzerkl\u00e4rung bezieht sich auf die Verarbeitung personenbezogener Daten im Rahmen dieses Internetauftritts, einschlie\u00dflich der dort angebotenen Dienste. F\u00fcr n\u00e4here Informationen zur Verarbeitung Ihrer personenbezogenen Daten k\u00f6nnen Sie uns unter den unten genannten Kontaktdaten erreichen. Allgemeine Hinweise Name und Kontaktdaten des Verantwortlichen Mittelschule Parsberg Rektor Matthias Ferstl Konrektor Roland&hellip; <\/p>\n","protected":false},"author":1,"featured_media":0,"parent":0,"menu_order":0,"comment_status":"closed","ping_status":"closed","template":"","meta":{"footnotes":""},"class_list":["post-4859","page","type-page","status-publish","hentry"],"_links":{"self":[{"href":"https:\/\/mittelschule-parsberg.de\/ms\/index.php?rest_route=\/wp\/v2\/pages\/4859","targetHints":{"allow":["GET"]}}],"collection":[{"href":"https:\/\/mittelschule-parsberg.de\/ms\/index.php?rest_route=\/wp\/v2\/pages"}],"about":[{"href":"https:\/\/mittelschule-parsberg.de\/ms\/index.php?rest_route=\/wp\/v2\/types\/page"}],"author":[{"embeddable":true,"href":"https:\/\/mittelschule-parsberg.de\/ms\/index.php?rest_route=\/wp\/v2\/users\/1"}],"replies":[{"embeddable":true,"href":"https:\/\/mittelschule-parsberg.de\/ms\/index.php?rest_route=%2Fwp%2Fv2%2Fcomments&post=4859"}],"version-history":[{"count":0,"href":"https:\/\/mittelschule-parsberg.de\/ms\/index.php?rest_route=\/wp\/v2\/pages\/4859\/revisions"}],"wp:attachment":[{"href":"https:\/\/mittelschule-parsberg.de\/ms\/index.php?rest_route=%2Fwp%2Fv2%2Fmedia&parent=4859"}],"curies":[{"name":"wp","href":"https:\/\/api.w.org\/{rel}","templated":true}]}}