{"id":4851,"date":"2018-02-06T17:35:43","date_gmt":"2018-02-06T15:35:43","guid":{"rendered":"http:\/\/www.mittelschule-parsberg.de\/ms\/?page_id=3055"},"modified":"2018-02-06T17:35:43","modified_gmt":"2018-02-06T15:35:43","slug":"m-klasse","status":"publish","type":"page","link":"https:\/\/mittelschule-parsberg.de\/ms\/?page_id=4851","title":{"rendered":"M-Klassen"},"content":{"rendered":"<table style=\"border-collapse: collapse; width: 129.43854324734446{8724dadc619e06e8beebc3292dfbda7ae64e2bcebc2d283199202d3e5e32ea46}; height: 40px;\" border=\"1\">\n<tbody>\n<tr style=\"height: 36px; background-color: #e8e8e8;\">\n<td style=\"width: 100{8724dadc619e06e8beebc3292dfbda7ae64e2bcebc2d283199202d3e5e32ea46}; height: 10px;\">\n<h6>Mittlere Reife an der MS Parsberg<\/h6>\n<\/td>\n<\/tr>\n<tr style=\"height: 30px;\">\n<td style=\"width: 100{8724dadc619e06e8beebc3292dfbda7ae64e2bcebc2d283199202d3e5e32ea46}; height: 30px; background-color: #dcf7d5;\">Hier k\u00f6nnen Sch\u00fcler den mittleren Bildungsabschluss erwerben, ohne die Mittelschule verlassen zu m\u00fcssen.\u00a0Der M-Zug ist im Schulverbund Ost im Rotationsprinzip organisiert. Erfragen Sie an der Sprengelschule, wo zurzeit welche Jahrgangsstufe angeboten wird.<\/p>\n<p><strong>Welche Anforderungen stellt der M-Zug?<\/strong><\/p>\n<ol>\n<li>Zielgerichtete Arbeitshaltung<\/li>\n<li>H\u00f6herer Grad an Selbstst\u00e4ndigkeit<\/li>\n<li>H\u00f6heres Arbeitstempo<\/li>\n<li>H\u00f6herer Grad der Beherrschung<\/li>\n<li>H\u00f6here Komplexit\u00e4t der Aufgabenstellung<\/li>\n<\/ol>\n<p><strong>Welche Vorteile bietet der M-Zug?<\/strong><\/p>\n<ul>\n<li>kein Wechsel der Schulart<\/li>\n<li>k\u00fcrzere Schulwege<\/li>\n<li>vertraute Unterrichtsmethoden<\/li>\n<li>Klassenlehrerprinzip<\/li>\n<li>verst\u00e4rkte Praxis- und Berufsorientierung<\/li>\n<li>im Falle des \u201eScheiterns\u201c problemlose R\u00fcckkehr in eine Regelklasse der Mittelschule m\u00f6glich<\/li>\n<\/ul>\n<p><strong>Vorraussetzungen f\u00fcr den M-Zug:<\/strong><\/p>\n<ul>\n<li>Aufnahme in die <strong>M7<\/strong>: Durchschnitt 2,66 in Deutsch, Mathe, Englisch.<\/li>\n<li>Aufnahme in die <strong>M8<\/strong>: Durchschnitt 2,33 in Deutsch, Mathe, Englisch.<\/li>\n<li>Aufnahme in die <strong>M9<\/strong>: Durchschnitt 2,33 in Deutsch, Mathe, Englisch.<\/li>\n<li>Diese Durchschnitte m\u00fcssen im Zwischen- oder Jahreszeugnis erreicht werden.<\/li>\n<li>Alle Sch\u00fcler, die die oben genannten Schnitte nicht erreicht haben k\u00f6nnen sich einer Aufnahmepr\u00fcfung unterziehen. Diese findet in der letzten Sommerferienwoche statt.<\/li>\n<li>Aufnahme in die <strong>M10<\/strong>: Durchschnitt 2,33 in Deutsch, Mathe, Englisch in der Pr\u00fcfung des qualifizierenden\u00a0 Mittelschulabschlusses.<\/li>\n<li>Sollte der Durchschnitt nicht erreicht werden: \u00dcbertritt auf Antrag der Eltern <strong>und<\/strong> Bestehen einer Aufnahmepr\u00fcfung, die an der aufnehmenden Schule nach\u00a0 M\u00f6glichkeit noch vor Beginn der Sommerferien durchgef\u00fchrt wird.<\/li>\n<\/ul>\n<p>Weitere Bestimmungen zu den <strong><u>\u00dcbertrittsverfahren<\/u><\/strong> (z. B. Gymnasium, Realschule, Wirtschaftsschule) finden Sie auf der Seite des Kultusministeriums Bayern:\u00a0<a href=\"https:\/\/www.km.bayern.de\/umzug\">https:\/\/www.km.bayern.de\/umzug<\/a><\/td>\n<\/tr>\n<\/tbody>\n<\/table>\n","protected":false},"excerpt":{"rendered":"<p>Mittlere Reife an der MS Parsberg Hier k\u00f6nnen Sch\u00fcler den mittleren Bildungsabschluss erwerben, ohne die Mittelschule verlassen zu m\u00fcssen.\u00a0Der M-Zug ist im Schulverbund Ost im Rotationsprinzip organisiert. Erfragen Sie an der Sprengelschule, wo zurzeit welche Jahrgangsstufe angeboten wird. Welche Anforderungen stellt der M-Zug? Zielgerichtete Arbeitshaltung H\u00f6herer Grad an Selbstst\u00e4ndigkeit H\u00f6heres&hellip; <\/p>\n","protected":false},"author":2,"featured_media":0,"parent":0,"menu_order":0,"comment_status":"closed","ping_status":"closed","template":"","meta":{"footnotes":""},"class_list":["post-4851","page","type-page","status-publish","hentry"],"_links":{"self":[{"href":"https:\/\/mittelschule-parsberg.de\/ms\/index.php?rest_route=\/wp\/v2\/pages\/4851","targetHints":{"allow":["GET"]}}],"collection":[{"href":"https:\/\/mittelschule-parsberg.de\/ms\/index.php?rest_route=\/wp\/v2\/pages"}],"about":[{"href":"https:\/\/mittelschule-parsberg.de\/ms\/index.php?rest_route=\/wp\/v2\/types\/page"}],"author":[{"embeddable":true,"href":"https:\/\/mittelschule-parsberg.de\/ms\/index.php?rest_route=\/wp\/v2\/users\/2"}],"replies":[{"embeddable":true,"href":"https:\/\/mittelschule-parsberg.de\/ms\/index.php?rest_route=%2Fwp%2Fv2%2Fcomments&post=4851"}],"version-history":[{"count":0,"href":"https:\/\/mittelschule-parsberg.de\/ms\/index.php?rest_route=\/wp\/v2\/pages\/4851\/revisions"}],"wp:attachment":[{"href":"https:\/\/mittelschule-parsberg.de\/ms\/index.php?rest_route=%2Fwp%2Fv2%2Fmedia&parent=4851"}],"curies":[{"name":"wp","href":"https:\/\/api.w.org\/{rel}","templated":true}]}}