{"id":4809,"date":"2025-01-14T10:08:16","date_gmt":"2025-01-14T08:08:16","guid":{"rendered":"https:\/\/www.mittelschule-parsberg.de\/ms\/?page_id=4809"},"modified":"2025-01-14T10:08:16","modified_gmt":"2025-01-14T08:08:16","slug":"ipad-kindersicherung","status":"publish","type":"page","link":"https:\/\/mittelschule-parsberg.de\/ms\/?page_id=4809","title":{"rendered":"iPad Kindersicherung"},"content":{"rendered":"<p>Liebe Eltern,<br \/>\nLiebe Erziehungsberechtigte,<\/p>\n<p>iPads, die \u00fcber das Projekt &#8222;Digitale Schule der Zukunft&#8220; (DSdZ) angeschafft wurden bzw. Ger\u00e4te, die privat und nicht \u00fcber die Schule gekauft wurden, werden bis auf weiteres nicht mehr von der Schule verwaltet. Eine kostenpflichtige Einbindung in ein Mobile Device Management (MDM) entf\u00e4llt somit. Dadurch werden der Schule zun\u00e4chst s\u00e4mtliche technischen M\u00f6glichkeiten genommen, auf die iPads Ihrer Kinder regulierend zuzugreifen oder z. B. Apps aufzuspielen.<\/p>\n<p>Das WLAN bei uns an der Schule besitzt einen Webfilter, der die Kinder weitestgehend vor ungeeigneten Inhalten aus dem Internet sch\u00fctzt. Au\u00dferhalb unseres Netzes haben auch Sie die M\u00f6glichkeit, das IPad ihres Kindes so zu konfigurieren, wie Sie es f\u00fcr vern\u00fcnftig und geeignet halten. Um Ihr Kind vor ungeeignetem Inhalt sch\u00fctzen zu k\u00f6nnen bzw. Ablenkungsm\u00f6glichkeiten w\u00e4hrend der Unterrichtszeit zu minimieren und dar\u00fcber hinaus noch viele weitere Einschr\u00e4nkungen vorzunehmen, m\u00f6chten wir Sie auf die M\u00f6glichkeiten von <strong>Apple Familienfreigabe<\/strong>\u00a0hinweisen.<\/p>\n<p>Auf den nachfolgend verlinkten Seiten erfahren Sie, wie Sie die Familienfreigabe einrichten, einen Apple-Kinderaccount erstellen und diesen verwalten k\u00f6nnen.<\/p>\n<p><strong>Wenn Sie selbst bereits Nutzer eines Apple-Ger\u00e4tes sind:<\/strong><\/p>\n<p>Kinderaccount erstellen:\u00a0<a href=\"https:\/\/support.apple.com\/de-de\/102617\">https:\/\/support.apple.com\/de-de\/102617<br \/>\n<\/a><\/p>\n<p>Ger\u00e4t des Kindes verwalten:\u00a0<a href=\"https:\/\/support.apple.com\/de-de\/105121#:~:text=\u00d6ffne{8724dadc619e06e8beebc3292dfbda7ae64e2bcebc2d283199202d3e5e32ea46}20die{8724dadc619e06e8beebc3292dfbda7ae64e2bcebc2d283199202d3e5e32ea46}20Einstellungen{8724dadc619e06e8beebc3292dfbda7ae64e2bcebc2d283199202d3e5e32ea46}2DApp{8724dadc619e06e8beebc3292dfbda7ae64e2bcebc2d283199202d3e5e32ea46}2C{8724dadc619e06e8beebc3292dfbda7ae64e2bcebc2d283199202d3e5e32ea46}20und,und{8724dadc619e06e8beebc3292dfbda7ae64e2bcebc2d283199202d3e5e32ea46}20aktiviere{8724dadc619e06e8beebc3292dfbda7ae64e2bcebc2d283199202d3e5e32ea46}20dann{8724dadc619e06e8beebc3292dfbda7ae64e2bcebc2d283199202d3e5e32ea46}20\u201eBeschr\u00e4nkungen\u201c.\" target=\"_blank\" rel=\"noopener\">Verwaltung Kinderaccount<\/a><\/p>\n<p><strong>Wenn Sie selbst kein Apple-Ger\u00e4t nutzen bzw. noch keine Apple-ID besitzen:<\/strong><\/p>\n<p>Erstellen Sie hier zun\u00e4chst eine Apple-ID f\u00fcr sich selbst:\u00a0<a href=\"https:\/\/appleid.apple.com\/\">https:\/\/appleid.apple.com\/<\/a><br \/>\nSie ben\u00f6tigen eine E-Mail-Adresse, die noch nicht mit einer Apple-ID verkn\u00fcpft ist, und einige pers\u00f6nliche Daten. Anschlie\u00dfend k\u00f6nnen Sie in Ihrem Account die Familienfreigabe einrichten und einen Kinderaccount erstellen, mit dem sich dann wiederum Ihr Kind am seinem IPad anmelden kann. Nun k\u00f6nnen Sie die Bildschirmzeit Ihres Kindes regulieren, Eink\u00e4ufe bzw. Downloads aus dem App-Store genehmigen oder versagen, einen vergessenen Sperrcode zur\u00fccksetzen uvm.<\/p>\n","protected":false},"excerpt":{"rendered":"<p>Liebe Eltern, Liebe Erziehungsberechtigte, iPads, die \u00fcber das Projekt &#8222;Digitale Schule der Zukunft&#8220; (DSdZ) angeschafft wurden bzw. Ger\u00e4te, die privat und nicht \u00fcber die Schule gekauft wurden, werden bis auf weiteres nicht mehr von der Schule verwaltet. Eine kostenpflichtige Einbindung in ein Mobile Device Management (MDM) entf\u00e4llt somit. Dadurch werden&hellip; <\/p>\n","protected":false},"author":1,"featured_media":4813,"parent":4725,"menu_order":0,"comment_status":"closed","ping_status":"closed","template":"","meta":{"footnotes":""},"class_list":["post-4809","page","type-page","status-publish","has-post-thumbnail","hentry"],"_links":{"self":[{"href":"https:\/\/mittelschule-parsberg.de\/ms\/index.php?rest_route=\/wp\/v2\/pages\/4809","targetHints":{"allow":["GET"]}}],"collection":[{"href":"https:\/\/mittelschule-parsberg.de\/ms\/index.php?rest_route=\/wp\/v2\/pages"}],"about":[{"href":"https:\/\/mittelschule-parsberg.de\/ms\/index.php?rest_route=\/wp\/v2\/types\/page"}],"author":[{"embeddable":true,"href":"https:\/\/mittelschule-parsberg.de\/ms\/index.php?rest_route=\/wp\/v2\/users\/1"}],"replies":[{"embeddable":true,"href":"https:\/\/mittelschule-parsberg.de\/ms\/index.php?rest_route=%2Fwp%2Fv2%2Fcomments&post=4809"}],"version-history":[{"count":0,"href":"https:\/\/mittelschule-parsberg.de\/ms\/index.php?rest_route=\/wp\/v2\/pages\/4809\/revisions"}],"up":[{"embeddable":true,"href":"https:\/\/mittelschule-parsberg.de\/ms\/index.php?rest_route=\/wp\/v2\/pages\/4725"}],"wp:featuredmedia":[{"embeddable":true,"href":"https:\/\/mittelschule-parsberg.de\/ms\/index.php?rest_route=\/wp\/v2\/media\/4813"}],"wp:attachment":[{"href":"https:\/\/mittelschule-parsberg.de\/ms\/index.php?rest_route=%2Fwp%2Fv2%2Fmedia&parent=4809"}],"curies":[{"name":"wp","href":"https:\/\/api.w.org\/{rel}","templated":true}]}}