{"id":4728,"date":"2024-07-19T09:24:22","date_gmt":"2024-07-19T07:24:22","guid":{"rendered":"https:\/\/www.mittelschule-parsberg.de\/ms\/?page_id=4728"},"modified":"2026-01-07T10:57:44","modified_gmt":"2026-01-07T09:57:44","slug":"digitale-schule-der-zukunft","status":"publish","type":"page","link":"https:\/\/mittelschule-parsberg.de\/ms\/?page_id=4728","title":{"rendered":"Digitale Schule der Zukunft"},"content":{"rendered":"<h4>Hier erfahren Sie alles \u00fcber das Projekt Digitale Schule der Zukunft (DSDZ). Ausf\u00fchrliche Informationen \u00fcber folgenden Link:<\/h4>\n<h4><strong><a href=\"https:\/\/www.km.bayern.de\/digitale-schule-der-zukunft\/erziehungsberechtigte\/weiterfuehrende-schulen\/geraetekauf\" target=\"_blank\" rel=\"noopener\">Das Wichtigste zu DSDZ<\/a><\/strong><\/h4>\n<p>&nbsp;<\/p>\n<p>&nbsp;<\/p>\n<aside>\n<details>\n<summary><span style=\"color: #333399;\"><strong>Worum geht es?<\/strong><\/span><\/summary>\n<div>\n<p>Ab dem Schuljahr 2024\/2025 haben wir j\u00e4hrlich die M\u00f6glichkeit, unsere 5. Klassen mit digitalen Endger\u00e4ten auszustatten. Die mobilen Endger\u00e4te werden von den Erziehungsberechtigten bzw. den vollj\u00e4hrigen Sch\u00fclerinnen und Sch\u00fclern als nichtlernmittelfreie Lernmittel erworben. Bei der Finanzierung werden sie mit einem staatlichen Zuschuss von derzeit 350 \u20ac unterst\u00fctzt. Die Schulen k\u00f6nnen technische Mindestkriterien festlegen und somit Vorgaben f\u00fcr die f\u00f6rderf\u00e4higen Ger\u00e4te machen, damit diese Ger\u00e4te gut in die vorhandene Infrastruktur integriert werden k\u00f6nnen.<\/p>\n<\/div>\n<\/details>\n<\/aside>\n<p>&nbsp;<\/p>\n<details>\n<summary><span style=\"color: #333399;\"><strong>Kann ich ein bereits vorhandenes Endger\u00e4t verwenden?<\/strong><\/span><\/summary>\n<div>\n<p>Sie k\u00f6nnen Ihr privates Endger\u00e4t verwenden sofern es den technischen Mindestvoraussetzungen unserer Schule entspricht.<\/p>\n<\/div>\n<\/details>\n<p>&nbsp;<\/p>\n<details>\n<summary><span style=\"color: #333399;\"><strong>Mindestvoraussetzungen der Mittelschule Parsberg bzw. welches Ger\u00e4t wird bezuschusst?<\/strong><\/span><\/summary>\n<p>Diese Voraussetzungen bzw. Ausstattungsmerkmale muss das Ger\u00e4t Ihres Kindes mindestens erf\u00fcllen, damit es zum einen bezuschusst und zum anderen bei uns in der Schule eingesetzt werden kann:<\/p>\n<div>\n<p>Ger\u00e4te-Typ: iPad, iPadAir oder iPad pro<br \/>\nHersteller: Apple<br \/>\nHardware-Spezifikationen:<br \/>\n\u2013 iPad mindestens ab 8. Generation bzw. ab 2020<br \/>\n\u2013 Bildschirmgr\u00f6\u00dfe: mindestens 10 Zoll<br \/>\n\u2013 Speicherplatz: mindestens 64 GB<br \/>\n\u2013 Eingabe-Stift (nicht zwingend von Apple)<\/p>\n<p>Auch die Einbindung in ein Mobile-Device-Managementsystem (MDM) ist erforderlich, um die Ger\u00e4te administrativ versorgen zu k\u00f6nnen. Hier\u00fcber l\u00e4sst sich beispielsweise regeln, welche Apps zur Schulzeit auf dem Ger\u00e4t verwendet werden d\u00fcrfen. Auch das Installieren schulisch ben\u00f6tigter Apps ist dadurch m\u00f6glich und garantiert ein weitgehend reibungsloses Arbeiten mit den Klassen.<\/p>\n<\/div>\n<\/details>\n<p>&nbsp;<\/p>\n<aside>\n<details>\n<summary><span style=\"color: #333399;\"><strong>Kann ich ein gebrauchtes Ger\u00e4t kaufen?<\/strong><\/span><\/summary>\n<div>\n<p>Ja, sogenannte Refurbished-Ger\u00e4te werden bezuschusst falls sie von einem Fachh\u00e4ndler erworben werden und mit mind. 1 Jahr Garantie versehen sind.<\/p>\n<\/div>\n<\/details>\n<\/aside>\n<p>&nbsp;<\/p>\n<details>\n<summary><span style=\"color: #333399;\"><strong>Warum Apple-Ger\u00e4te?<\/strong><\/span><\/summary>\n<div>\n<p>Im Schuljahr 2020\/21 haben wir begonnen, digitale Endger\u00e4te bei uns an der Schule anzuschaffen. Entsprechend lange liegt die Diskussion bzgl. der Ger\u00e4tehersteller zur\u00fcck. Wir haben uns damals f\u00fcr Apple entschieden und dies bis heute nicht bereut. Die Ger\u00e4te sind vergleichsweise wartungsarm, robust und haben eine sehr intuitive Benutzeroberfl\u00e4che. Dar\u00fcber hinaus garantiert Apple f\u00fcr mindestens 5 Jahre Update-Sicherheit &#8211; das ist l\u00e4nger als die meisten anderen Hersteller.<\/p>\n<p>Wir gehen nun also ins f\u00fcnfte Jahr mit unseren iPads. Die digitale Infrastruktur an der Schule ist auf Apple-Ger\u00e4te ausgerichtet, so dass die Sch\u00fclerinnen und Sch\u00fcler jederzeit ihr Ger\u00e4t \u00fcber den Beamer spiegeln k\u00f6nnen.<br \/>\nDie Lehrkr\u00e4fte arbeiten und unterrichten seit 2020 mit iPads und sind entsprechend geschult und eingearbeitet auf diesem System.<\/p>\n<\/div>\n<\/details>\n<p>&nbsp;<\/p>\n<details>\n<summary><span style=\"color: #333399;\"><strong>Ger\u00e4te bestellen<\/strong><\/span><\/summary>\n<div>\n<p>Grunds\u00e4tzlich ist es Ihnen \u00fcberlassen bei welchem Fachh\u00e4ndler Sie ein Ger\u00e4t erwerben. Wir m\u00f6chten Ihnen dennoch eine Sammelbestellung erm\u00f6glichen, welche auch das Einbinden in das Verwaltungssystem (Mobile Device Management) erleichtern w\u00fcrde und Ihnen dar\u00fcber hinaus den Gang zum Fachh\u00e4ndler ersparte. Das Ger\u00e4t k\u00e4me fertig konfiguriert, mit dem Namen Ihres Kindes im Display, an unsere Schule, falls Sie das w\u00fcnschen.<\/p>\n<p style=\"text-align: center;\">Unter nachfolgendem Link finden Sie die aktuelle Brosch\u00fcre unseres Partners der letzten Jahre, EduXpert aus Regensburg:<br \/>\n<span style=\"color: #800000;\"><strong><a style=\"color: #800000;\" href=\"http:\/\/www.eduxpert.de\/ebf25\" target=\"_blank\" rel=\"noopener\">Bestellm\u00f6glichkeit EduXpert 2025<\/a><\/strong><\/span><\/p>\n<p style=\"text-align: center;\"><a href=\"https:\/\/mittelschule-parsberg.de\/ms\/wp-content\/uploads\/2026\/01\/Bestellvorgang-dSdZ-540p30.mov\" target=\"_blank\" rel=\"noopener\">Videoanleitung zum Bestellvorgang<\/a><\/p>\n<\/div>\n<p>&nbsp;<\/p>\n<\/details>\n<p>&nbsp;<\/p>\n<details>\n<summary><span style=\"color: #333399;\"><strong>Antrag auf Kostenerstattung<\/strong><\/span><\/summary>\n<div><\/div>\n<p>Unter folgendem Link k\u00f6nnen Sie als Erziehungsberechtigte(r) den F\u00f6rderantrag f\u00fcr das digitale Endger\u00e4t stellen: <span style=\"color: #800000;\"><a style=\"color: #800000;\" href=\"https:\/\/formularserver.bayern.de\/intelliform\/forms\/rzsued\/stmuk\/stmuk\/digitale_schule_foerderantrag\/index\" target=\"_blank\" rel=\"noopener\">F\u00f6rderantrag<\/a><\/span><\/p>\n<p>&nbsp;<\/p>\n<\/details>\n","protected":false},"excerpt":{"rendered":"<p>Hier erfahren Sie alles \u00fcber das Projekt Digitale Schule der Zukunft (DSDZ). Ausf\u00fchrliche Informationen \u00fcber folgenden Link: Das Wichtigste zu DSDZ &nbsp; &nbsp; Worum geht es? Ab dem Schuljahr 2024\/2025 haben wir j\u00e4hrlich die M\u00f6glichkeit, unsere 5. Klassen mit digitalen Endger\u00e4ten auszustatten. Die mobilen Endger\u00e4te werden von den Erziehungsberechtigten bzw.&hellip; <\/p>\n","protected":false},"author":1,"featured_media":0,"parent":0,"menu_order":0,"comment_status":"closed","ping_status":"closed","template":"","meta":{"footnotes":""},"class_list":["post-4728","page","type-page","status-publish","hentry"],"_links":{"self":[{"href":"https:\/\/mittelschule-parsberg.de\/ms\/index.php?rest_route=\/wp\/v2\/pages\/4728","targetHints":{"allow":["GET"]}}],"collection":[{"href":"https:\/\/mittelschule-parsberg.de\/ms\/index.php?rest_route=\/wp\/v2\/pages"}],"about":[{"href":"https:\/\/mittelschule-parsberg.de\/ms\/index.php?rest_route=\/wp\/v2\/types\/page"}],"author":[{"embeddable":true,"href":"https:\/\/mittelschule-parsberg.de\/ms\/index.php?rest_route=\/wp\/v2\/users\/1"}],"replies":[{"embeddable":true,"href":"https:\/\/mittelschule-parsberg.de\/ms\/index.php?rest_route=%2Fwp%2Fv2%2Fcomments&post=4728"}],"version-history":[{"count":5,"href":"https:\/\/mittelschule-parsberg.de\/ms\/index.php?rest_route=\/wp\/v2\/pages\/4728\/revisions"}],"predecessor-version":[{"id":5271,"href":"https:\/\/mittelschule-parsberg.de\/ms\/index.php?rest_route=\/wp\/v2\/pages\/4728\/revisions\/5271"}],"wp:attachment":[{"href":"https:\/\/mittelschule-parsberg.de\/ms\/index.php?rest_route=%2Fwp%2Fv2%2Fmedia&parent=4728"}],"curies":[{"name":"wp","href":"https:\/\/api.w.org\/{rel}","templated":true}]}}