{"id":43,"date":"2013-04-05T11:00:43","date_gmt":"2013-04-05T09:00:43","guid":{"rendered":"http:\/\/www.mittelschule-parsberg.de\/ms\/?page_id=43"},"modified":"2013-04-05T11:00:43","modified_gmt":"2013-04-05T09:00:43","slug":"impressum","status":"publish","type":"page","link":"https:\/\/mittelschule-parsberg.de\/ms\/?page_id=43","title":{"rendered":"Impressum"},"content":{"rendered":"<table style=\"width: 613px; height: 117px;\" border=\"0\">\n<tbody>\n<tr>\n<td>\n<h3>Impressum:<\/h3>\n<\/td>\n<td>\n<h3>Mittelschule Parsberg<\/h3>\n<\/td>\n<\/tr>\n<tr>\n<td>\n<h4>Schulleitung:<\/h4>\n<p>&nbsp;<\/p>\n<p>&nbsp;<\/p>\n<p>&nbsp;<\/p>\n<p>&nbsp;<\/p>\n<p>&nbsp;<\/p>\n<p>&nbsp;<\/p>\n<p>&nbsp;<\/td>\n<td>\n<p style=\"text-align: left;\">Rektor Matthias Ferstl<\/p>\n<p style=\"text-align: left;\">Konrektor Roland Hutschenreiter<\/p>\n<p style=\"text-align: left;\">Aschenbrennerstr. 8<\/p>\n<p style=\"text-align: left;\">92331 Parsberg<\/p>\n<p style=\"text-align: left;\"><strong>Telefon:<\/strong> 09492 9010 40<\/p>\n<p style=\"text-align: left;\"><strong>Telefax:<\/strong> 09492 9010470<\/p>\n<p style=\"text-align: left;\"><strong>Emailadresse:<\/strong> <a href=\"http:\/\/sekretariat@mittelschule-parsberg.de\">sekretariat@mittelschule-parsberg.de<\/a><\/p>\n<\/td>\n<\/tr>\n<tr>\n<td>\n<h4>\u00a0Schultr\u00e4ger:<\/h4>\n<p>&nbsp;<\/td>\n<td>Schulverband Parsberg-Lupburg-Hohenfels-Beratzhausenvertreten durch den Schulverbandsvorsitzenden: B\u00fcrgermeister Josef Bauer<\/td>\n<\/tr>\n<\/tbody>\n<\/table>\n<p>&nbsp;<\/p>\n<p style=\"text-align: justify;\">Auf der Homepage der Mittelschule Parsberg wird auch auf andere Seiten im Internet verlinkt. Wir haben diese Links gepr\u00fcft, k\u00f6nnen jedoch nicht garantieren, dass der Inhalt dieser von uns gepr\u00fcften Seiten unver\u00e4ndert bleibt. Wir \u00fcbernehmen deshalb f\u00fcr den Inhalt dieser verlinkten Seiten keinerlei Verantwortung.<\/p>\n<p style=\"margin: 0cm; margin-bottom: .0001pt;\"><strong>Verantwortlich f\u00fcr den Inhalt <\/strong><\/p>\n<p style=\"margin: 0cm; margin-bottom: .0001pt;\">Matthias Ferstl, Rektor<\/p>\n<p style=\"margin: 0cm; margin-bottom: .0001pt;\">Namentlich gekennzeichnete Internetseiten geben die Auffassungen und Erkenntnisse der genannten Personen wieder.<\/p>\n<p>&nbsp;<\/p>\n<p style=\"margin: 0cm; margin-bottom: .0001pt;\"><strong>Nutzungsbedingungen <\/strong><\/p>\n<p>Texte, Bilder, Grafiken sowie die Gestaltung dieser Internetseiten k\u00f6nnen dem Urheberrecht unterliegen.<\/p>\n<p>Nicht urheberrechtlich gesch\u00fctzt sind nach \u00a7 5 des Urheberrechtsgesetz (UrhG)<\/p>\n<ul>\n<li>Gesetze, Verordnungen, amtliche Erlasse und Bekanntmachungen sowie Entscheidungen und amtlich verfasste Leits\u00e4tze zu Entscheidungen und<\/li>\n<li>andere amtliche Werke, die im amtlichen Interesse zur allgemeinen Kenntnisnahme ver\u00f6ffentlicht worden sind, mit der Einschr\u00e4nkung, dass die Bestimmungen \u00fcber \u00c4nderungsverbot und Quellenangabe in \u00a7 62 Abs. 1 bis 3 und \u00a7 63 Abs. 1 und 2 UrhG entsprechend anzuwenden sind.<\/li>\n<\/ul>\n<p>Als Privatperson d\u00fcrfen Sie urheberrechtlich gesch\u00fctztes Material zum privaten und sonstigen eigenen Gebrauch im Rahmen des \u00a7 53 UrhG verwenden. Eine Vervielf\u00e4ltigung oder Verwendung urheberrechtlich gesch\u00fctzten Materials dieser Seiten oder Teilen davon in anderen elektronischen oder gedruckten Publikationen und deren Ver\u00f6ffentlichung ist nur mit unserer Einwilligung gestattet. Diese erteilen auf Anfrage die f\u00fcr den Inhalt Verantwortlichen. Der Nachdruck und die Auswertung von Pressemitteilungen und Reden sind mit Quellenangabe allgemein gestattet.<\/p>\n<p>Weiterhin k\u00f6nnen Texte, Bilder, Grafiken und sonstige Dateien ganz oder teilweise dem Urheberrecht Dritter unterliegen. Auch \u00fcber das Bestehen m\u00f6glicher Rechte Dritter geben Ihnen die f\u00fcr den Inhalt Verantwortlichen n\u00e4here Ausk\u00fcnfte.<\/p>\n<p style=\"margin: 0cm; margin-bottom: .0001pt;\"><strong>Haftungsausschluss <\/strong><\/p>\n<p>Alle auf dieser Internetseite bereitgestellten Informationen haben wir nach bestem Wissen und Gewissen erarbeitet und gepr\u00fcft. Eine Gew\u00e4hr f\u00fcr die jederzeitige Aktualit\u00e4t, Richtigkeit, Vollst\u00e4ndigkeit und Verf\u00fcgbarkeit der bereit gestellten Informationen k\u00f6nnen wir allerdings nicht \u00fcbernehmen. Ein Vertragsverh\u00e4ltnis mit den Nutzern des Internetangebots kommt nicht zustande.<\/p>\n<p>Wir haften nicht f\u00fcr Sch\u00e4den, die durch die Nutzung dieses Internetangebots entstehen. Dieser Haftungsausschluss gilt nicht, soweit die Vorschriften des \u00a7 839 BGB (Haftung bei Amtspflichtverletzung) einschl\u00e4gig sind. F\u00fcr etwaige Sch\u00e4den, die beim Aufrufen oder Herunterladen von Daten durch Schadsoftware oder der Installation oder Nutzung von Software verursacht werden, wird nicht gehaftet.<\/p>\n<p>Falls im Einzelfall erforderlich: Der Haftungsausschluss gilt nicht f\u00fcr Informationen, die in den Anwendungsbereich der Europ\u00e4ischen Dienstleistungsrichtlinie (Richtlinie 2006\/123\/EG \u2013 DLRL) fallen. F\u00fcr diese Informationen wird die Richtigkeit und Aktualit\u00e4t gew\u00e4hrleistet.<\/p>\n<p style=\"margin: 0cm; margin-bottom: .0001pt;\"><strong>Links <\/strong><\/p>\n<p>Von unseren eigenen Inhalten sind Querverweise (\u201eLinks\u201c) auf die Webseiten anderer Anbieter zu unterscheiden. Durch diese Links erm\u00f6glichen wir lediglich den Zugang zur Nutzung fremder Inhalte nach \u00a7 8 Telemediengesetz. Bei der erstmaligen Verkn\u00fcpfung mit diesen Internetangeboten haben wir diese fremden Inhalte daraufhin \u00fcberpr\u00fcft, ob durch sie eine m\u00f6gliche zivilrechtliche oder strafrechtliche Verantwortlichkeit ausgel\u00f6st wird. Wir k\u00f6nnen diese fremden Inhalte aber nicht st\u00e4ndig auf Ver\u00e4nderungen \u00fcberpr\u00fcfen und daher auch keine Verantwortung daf\u00fcr \u00fcbernehmen. F\u00fcr illegale, fehlerhafte oder unvollst\u00e4ndige Inhalte und insbesondere f\u00fcr Sch\u00e4den, die aus der Nutzung oder Nichtnutzung von Informationen Dritter entstehen, haftet allein der jeweilige Anbieter der Seite.<\/p>\n","protected":false},"excerpt":{"rendered":"<p>Impressum: Mittelschule Parsberg Schulleitung: &nbsp; &nbsp; &nbsp; &nbsp; &nbsp; &nbsp; &nbsp; Rektor Matthias Ferstl Konrektor Roland Hutschenreiter Aschenbrennerstr. 8 92331 Parsberg Telefon: 09492 9010 40 Telefax: 09492 9010470 Emailadresse: sekretariat@mittelschule-parsberg.de \u00a0Schultr\u00e4ger: &nbsp; Schulverband Parsberg-Lupburg-Hohenfels-Beratzhausenvertreten durch den Schulverbandsvorsitzenden: B\u00fcrgermeister Josef Bauer &nbsp; Auf der Homepage der Mittelschule Parsberg wird auch auf&hellip; <\/p>\n","protected":false},"author":1,"featured_media":0,"parent":0,"menu_order":0,"comment_status":"closed","ping_status":"closed","template":"","meta":{"footnotes":""},"class_list":["post-43","page","type-page","status-publish","hentry"],"_links":{"self":[{"href":"https:\/\/mittelschule-parsberg.de\/ms\/index.php?rest_route=\/wp\/v2\/pages\/43","targetHints":{"allow":["GET"]}}],"collection":[{"href":"https:\/\/mittelschule-parsberg.de\/ms\/index.php?rest_route=\/wp\/v2\/pages"}],"about":[{"href":"https:\/\/mittelschule-parsberg.de\/ms\/index.php?rest_route=\/wp\/v2\/types\/page"}],"author":[{"embeddable":true,"href":"https:\/\/mittelschule-parsberg.de\/ms\/index.php?rest_route=\/wp\/v2\/users\/1"}],"replies":[{"embeddable":true,"href":"https:\/\/mittelschule-parsberg.de\/ms\/index.php?rest_route=%2Fwp%2Fv2%2Fcomments&post=43"}],"version-history":[{"count":0,"href":"https:\/\/mittelschule-parsberg.de\/ms\/index.php?rest_route=\/wp\/v2\/pages\/43\/revisions"}],"wp:attachment":[{"href":"https:\/\/mittelschule-parsberg.de\/ms\/index.php?rest_route=%2Fwp%2Fv2%2Fmedia&parent=43"}],"curies":[{"name":"wp","href":"https:\/\/api.w.org\/{rel}","templated":true}]}}