{"id":350,"date":"2013-05-21T10:41:59","date_gmt":"2013-05-21T08:41:59","guid":{"rendered":"http:\/\/www.mittelschule-parsberg.de\/ms\/?page_id=350"},"modified":"2013-05-21T10:41:59","modified_gmt":"2013-05-21T08:41:59","slug":"sozialarbeit-an-der-mittelschule-parsberg","status":"publish","type":"page","link":"https:\/\/mittelschule-parsberg.de\/ms\/?page_id=350","title":{"rendered":"Jugendsozialarbeit"},"content":{"rendered":"<p><!--more--><\/p>\n<h2 class=\"s8\"><b><span class=\"s4\">Jugendsozialarbeit<\/span><span class=\"s5\">\u00a0<\/span><span class=\"s6\">an der<\/span><span class=\"s5\">\u00a0<\/span><span class=\"s7\">Mittelschule <\/span><span class=\"s7\">Parsberg<\/span><\/b><\/h2>\n<p class=\"s13\"><span class=\"s9\">JaS<\/span><span class=\"s10\">\u00a0ist ein Angebot der Jugendhilfe zur Beratung und Unterst\u00fctzung f\u00fcr Sch\u00fcler*in, Eltern \u00a0 \u00a0oder Lehrkraft und bildet eine Schnittstelle zwischen Schule \u2013 Familie \u2013 Jugendhilfe.<\/span><span class=\"s10\"><br \/>\n<\/span><span class=\"s11\">JaS<\/span><span class=\"s10\">\u00a0ist eine Leistung der Jugendhilfe auf der Grundlage von \u00a713 SGB VIII, das Angebot ist freiwillig, kostenlos und die Gespr\u00e4che unterliegen der Schweigepflicht.<\/span><span class=\"s10\"><br \/>\n<\/span><span class=\"s12\">JaS<\/span><span class=\"s10\">\u00a0unterst\u00fctzt, ber\u00e4t und begleitet.<\/span><\/p>\n<div><\/div>\n<div class=\"s18\"><strong><em>Ich berate und unterst\u00fctze Sch\u00fclerinnen und Sch\u00fcler bei<\/em><\/strong><strong><em>:<\/em><\/strong><\/div>\n<div>\n<ul>\n<li>Problemen in der Familie (z. B. Trennung der Eltern, Konflikte in der Familie)<\/li>\n<li>Pers\u00f6nlichen Krisen (Suchtproblemen, Beziehungsproblemen, Liebeskummer)<\/li>\n<li>Konflikten mit Mitsch\u00fcler\/innen oder Lehrkr\u00e4ften, Mobbing<\/li>\n<li>Fragen zu Identit\u00e4tsfindung, Sexualit\u00e4t, \u00c4ngste<\/li>\n<li>\u00dcbergang zwischen Schule und Ausbildungs<\/li>\n<li>Schwierigkeiten in der Schule (Leistungsprobleme, Schulangst, Pr\u00fcfungsangst)<\/li>\n<\/ul>\n<p>&nbsp;<\/p>\n<p><strong><em>Ich berate und unterst\u00fctze Eltern und Erziehungsberechtigte, die:<\/em><\/strong><\/p>\n<ul>\n<li>Beratung in Beziehungsfragen zu ihren Kindern haben m\u00f6chten<\/li>\n<li>Unterst\u00fctzung bei schulischen und beruflichen Problemen ihrer Kinder w\u00fcnschen<\/li>\n<li>Begleitung bei der Suche und Vermittlung nach externen Hilfsangeboten m\u00f6chten<\/li>\n<\/ul>\n<p>&nbsp;<\/p>\n<p><strong><em>Ich berate und unterst\u00fctze Lehrkr\u00e4fte, die:<\/em><\/strong><\/p>\n<ul>\n<li>Konflikte in der Klassengemeinschaft gemeinsam l\u00f6sen m\u00f6chten<\/li>\n<li>in Zusammenarbeit Themen bearbeiten und Projekte durchf\u00fchren m\u00f6chten<\/li>\n<li>mit Sch\u00fclern zusammenarbeiten, die Verhaltensauff\u00e4lligkeiten zeigen<\/li>\n<\/ul>\n<p><strong>Miriam Daum<\/strong><br \/>\nSozialp\u00e4dagogin (B. A.)<\/p>\n<p>Telefon: 09492 \/ 9010415<br \/>\nE-Mail: jugendsozialarbeit@mittelschule-parberg.de<\/p>\n<p>B\u00fcrozeiten (Zimmer Nr. 0.14):<br \/>\n<strong><em>Montag bis Donnerstag: 07.30 \u2013 16.00 Uhr<\/em><\/strong><br \/>\n<strong><em>Freitag: 07.30 \u2013 13.00 Uhr<\/em><\/strong><br \/>\nsowie nach Vereinbarung<\/p>\n<p><a href=\"https:\/\/mittelschule-parsberg.de\/ms\/wp-content\/uploads\/2018\/11\/jas.png\"><img loading=\"lazy\" decoding=\"async\" class=\"alignleft size-full wp-image-3261\" src=\"https:\/\/mittelschule-parsberg.de\/ms\/wp-content\/uploads\/2018\/11\/jas.png\" alt=\"\" width=\"140\" height=\"76\" \/><\/a><\/p>\n<p>&nbsp;<\/p>\n<\/div>\n<div><\/div>\n","protected":false},"excerpt":{"rendered":"","protected":false},"author":1,"featured_media":3615,"parent":0,"menu_order":0,"comment_status":"closed","ping_status":"closed","template":"","meta":{"footnotes":""},"class_list":["post-350","page","type-page","status-publish","has-post-thumbnail","hentry"],"_links":{"self":[{"href":"https:\/\/mittelschule-parsberg.de\/ms\/index.php?rest_route=\/wp\/v2\/pages\/350","targetHints":{"allow":["GET"]}}],"collection":[{"href":"https:\/\/mittelschule-parsberg.de\/ms\/index.php?rest_route=\/wp\/v2\/pages"}],"about":[{"href":"https:\/\/mittelschule-parsberg.de\/ms\/index.php?rest_route=\/wp\/v2\/types\/page"}],"author":[{"embeddable":true,"href":"https:\/\/mittelschule-parsberg.de\/ms\/index.php?rest_route=\/wp\/v2\/users\/1"}],"replies":[{"embeddable":true,"href":"https:\/\/mittelschule-parsberg.de\/ms\/index.php?rest_route=%2Fwp%2Fv2%2Fcomments&post=350"}],"version-history":[{"count":0,"href":"https:\/\/mittelschule-parsberg.de\/ms\/index.php?rest_route=\/wp\/v2\/pages\/350\/revisions"}],"wp:featuredmedia":[{"embeddable":true,"href":"https:\/\/mittelschule-parsberg.de\/ms\/index.php?rest_route=\/wp\/v2\/media\/3615"}],"wp:attachment":[{"href":"https:\/\/mittelschule-parsberg.de\/ms\/index.php?rest_route=%2Fwp%2Fv2%2Fmedia&parent=350"}],"curies":[{"name":"wp","href":"https:\/\/api.w.org\/{rel}","templated":true}]}}