{"id":234,"date":"2013-05-18T12:06:12","date_gmt":"2013-05-18T10:06:12","guid":{"rendered":"http:\/\/www.mittelschule-parsberg.de\/ms\/?page_id=234"},"modified":"2013-05-18T12:06:12","modified_gmt":"2013-05-18T10:06:12","slug":"offene-ganztagsschule","status":"publish","type":"page","link":"https:\/\/mittelschule-parsberg.de\/ms\/?page_id=234","title":{"rendered":"Offene Ganztagsschule"},"content":{"rendered":"<table style=\"border-collapse: collapse; width: 129.255{8724dadc619e06e8beebc3292dfbda7ae64e2bcebc2d283199202d3e5e32ea46};\" border=\"1\">\n<tbody>\n<tr>\n<td style=\"background-color: #dcf7d5;\">Der Unterrichtstag:<a href=\"https:\/\/www.mittelschule-parsberg.de\/ms\/wp-content\/uploads\/2013\/05\/Gfi.jpg\"><img loading=\"lazy\" decoding=\"async\" class=\"size-full wp-image-860 alignright\" src=\"https:\/\/www.mittelschule-parsberg.de\/ms\/wp-content\/uploads\/2013\/05\/Gfi.jpg\" alt=\"\" width=\"90\" height=\"76\" \/><\/a><\/p>\n<p>Mo \u2013 Fr: \u00a0 8:10 \u2013 13:10 regul\u00e4rer Unterricht<br \/>\nMo \u2013 Do: 12:30 \u2013 16:15 Nachmittagsbetreuung<\/td>\n<\/tr>\n<tr>\n<td style=\"background-color: #dcf7d5;\">\n<ul>\n<li>Die offene Ganztagsschule ist ein freiwilliges und flexibles schulisches Angebot, das eine verl\u00e4ssliche, qualifizierte und auf den Bedarf Ihres Kindes ausgerichtete F\u00f6rderung und Betreuung im Anschluss an den Vormittags-Unterricht gew\u00e4hrleistet.\u00a0Die offene Ganztagsschule basiert auf drei S\u00e4ulen, die auch t\u00e4glich und in fester Struktur durchgef\u00fchrt werden:<\/li>\n<li>Gemeinsames Mittagessen<\/li>\n<li>Hausaufgabenbetreuung<\/li>\n<li>wechselnde Freizeitangebote, sportliche und gestalterische Aktivit\u00e4ten<\/li>\n<li>Eine Mindestanmeldung von 2 Nachmittagen verpflichtend \u00fcber das ganze Schuljahr hinweg ist Voraussetzung f\u00fcr die offene Ganztagsschule.<\/li>\n<li>In den Ferien findet keine Betreuung statt.<\/li>\n<li>Betreut werden die Sch\u00fclerinnen und Sch\u00fcler von der 5. bis zur 8. Klasse von Frau Meyer und Frau Mirbeth.<\/li>\n<\/ul>\n<\/td>\n<\/tr>\n<\/tbody>\n<\/table>\n","protected":false},"excerpt":{"rendered":"<p>Der Unterrichtstag: Mo \u2013 Fr: \u00a0 8:10 \u2013 13:10 regul\u00e4rer Unterricht Mo \u2013 Do: 12:30 \u2013 16:15 Nachmittagsbetreuung Die offene Ganztagsschule ist ein freiwilliges und flexibles schulisches Angebot, das eine verl\u00e4ssliche, qualifizierte und auf den Bedarf Ihres Kindes ausgerichtete F\u00f6rderung und Betreuung im Anschluss an den Vormittags-Unterricht gew\u00e4hrleistet.\u00a0Die offene Ganztagsschule&hellip; <\/p>\n","protected":false},"author":1,"featured_media":0,"parent":0,"menu_order":0,"comment_status":"closed","ping_status":"closed","template":"","meta":{"footnotes":""},"class_list":["post-234","page","type-page","status-publish","hentry"],"_links":{"self":[{"href":"https:\/\/mittelschule-parsberg.de\/ms\/index.php?rest_route=\/wp\/v2\/pages\/234","targetHints":{"allow":["GET"]}}],"collection":[{"href":"https:\/\/mittelschule-parsberg.de\/ms\/index.php?rest_route=\/wp\/v2\/pages"}],"about":[{"href":"https:\/\/mittelschule-parsberg.de\/ms\/index.php?rest_route=\/wp\/v2\/types\/page"}],"author":[{"embeddable":true,"href":"https:\/\/mittelschule-parsberg.de\/ms\/index.php?rest_route=\/wp\/v2\/users\/1"}],"replies":[{"embeddable":true,"href":"https:\/\/mittelschule-parsberg.de\/ms\/index.php?rest_route=%2Fwp%2Fv2%2Fcomments&post=234"}],"version-history":[{"count":0,"href":"https:\/\/mittelschule-parsberg.de\/ms\/index.php?rest_route=\/wp\/v2\/pages\/234\/revisions"}],"wp:attachment":[{"href":"https:\/\/mittelschule-parsberg.de\/ms\/index.php?rest_route=%2Fwp%2Fv2%2Fmedia&parent=234"}],"curies":[{"name":"wp","href":"https:\/\/api.w.org\/{rel}","templated":true}]}}