{"id":206,"date":"2013-05-13T13:04:52","date_gmt":"2013-05-13T11:04:52","guid":{"rendered":"http:\/\/www.mittelschule-parsberg.de\/ms\/?page_id=206"},"modified":"2013-05-13T13:04:52","modified_gmt":"2013-05-13T11:04:52","slug":"ordnungsrahmen","status":"publish","type":"page","link":"https:\/\/mittelschule-parsberg.de\/ms\/?page_id=206","title":{"rendered":"Ordnungsrahmen"},"content":{"rendered":"<h3>Grundwerte an der Mittelschule Parsberg<\/h3>\n<p>Die Regeln an unserer Schule, im Geb\u00e4ude und im Ungang miteinander orientieren sich an folgenden Grundwerten:<\/p>\n<ol>\n<li><strong>Tolerantes und respektvolles Verhalten gegen\u00fcber den Lehrkr\u00e4ften, den Mitsch\u00fclern und allen in der Schule Besch\u00e4ftigten.<\/strong><\/li>\n<li><strong>Absoluter Gewaltverzicht gegen\u00fcber Personen und Gegenst\u00e4nden.<\/strong><\/li>\n<li><strong>\u00dcbernahme von Verantwortung f\u00fcr sich und sein Handeln.<\/strong><\/li>\n<\/ol>\n<p>Eine positive Lernatmosph\u00e4re und ein gutes Miteinander beruhen auf der Akzeptanz dieser Grundwerte. Die Ausgestaltung dieser Regeln findet auf drei Ebenen statt: Im Schulgeb\u00e4ude, in den Klassen- bzw. Fachr\u00e4umen und im pers\u00f6nlichen Bereich. Bei Meinungsverschiedenheiten wird auf demokratischem Wege eine L\u00f6sung gefunden.<\/p>\n<h3><\/h3>\n<h3>Mein Verhalten im Schulgeb\u00e4ude<\/h3>\n<h4>Ich begegne allen freundlich.<\/h4>\n<div>\n<ul style=\"list-style-type: square;\">\n<li>Ich verhalte mich allen gegen\u00fcber r\u00fccksichtsvoll und hilfsbereit.<\/li>\n<li>Ich \u00fcbe keinerlei Form von Gewalt aus und verzichte auf Provokationen jeglicher Art.<\/li>\n<li>Ich begegne allen vorurteilsfrei und mit Respekt, sowohl mit meiner Sprache und \u00a0K\u00f6rpersprache als auch in meinem Handeln. Sp\u00e4\u00dfe auf Kosten anderer sind tabu.<\/li>\n<li>Ich gr\u00fc\u00dfe das Schulteam und alle schulfremden Personen im Schulhaus.<\/li>\n<li>Ich \u00fcbernehme Verantwortung f\u00fcr mein Handeln.<\/li>\n<li>Ich\u00a0 halte das Schulhaus sauber (insbesondere auch die Toiletten) und gehe mit allen schulischen Gegenst\u00e4nden achtsam um.<\/li>\n<li>Ich achte auf M\u00fclltrennung.<\/li>\n<li>Ich trage im Schulhaus angemessene Kleidung.<\/li>\n<li>Ich respektiere das Eigentum anderer. Fundsachen werden grunds\u00e4tzlich im Sekretariat oder beim Hausmeister abgegeben.<\/li>\n<li>Mobiltelefone sind ab Unterrichtsbeginn bis zum Unterrichtsende ausgeschaltet in der Schultasche aufzubewahren.<\/li>\n<li>Ich halte mich auch in unmittelbarer Umgebung der Schule an das Rauch- und Alkoholverbot.<\/li>\n<li>Ich trage die Konsequenzen meines Handelns.<\/li>\n<\/ul>\n<h4>In der Pause verhalte ich mich r\u00fccksichtsvoll.<\/h4>\n<ul style=\"list-style-type: square;\">\n<li>Ich halte mich im beschriebenen Pausenbereich auf.<\/li>\n<li>Beim Verkauf stelle ich mich an und warte in der Reihe.<\/li>\n<li>Ausgew\u00e4hlte Sch\u00fcler unterst\u00fctzen die Aufsicht f\u00fchrenden Lehrkr\u00e4fte. Ich befolge deren Anweisungen.<\/li>\n<\/ul>\n<\/div>\n","protected":false},"excerpt":{"rendered":"<p>Grundwerte an der Mittelschule Parsberg Die Regeln an unserer Schule, im Geb\u00e4ude und im Ungang miteinander orientieren sich an folgenden Grundwerten: Tolerantes und respektvolles Verhalten gegen\u00fcber den Lehrkr\u00e4ften, den Mitsch\u00fclern und allen in der Schule Besch\u00e4ftigten. Absoluter Gewaltverzicht gegen\u00fcber Personen und Gegenst\u00e4nden. \u00dcbernahme von Verantwortung f\u00fcr sich und sein Handeln.&hellip; <\/p>\n","protected":false},"author":1,"featured_media":0,"parent":0,"menu_order":0,"comment_status":"closed","ping_status":"closed","template":"","meta":{"footnotes":""},"class_list":["post-206","page","type-page","status-publish","hentry"],"_links":{"self":[{"href":"https:\/\/mittelschule-parsberg.de\/ms\/index.php?rest_route=\/wp\/v2\/pages\/206","targetHints":{"allow":["GET"]}}],"collection":[{"href":"https:\/\/mittelschule-parsberg.de\/ms\/index.php?rest_route=\/wp\/v2\/pages"}],"about":[{"href":"https:\/\/mittelschule-parsberg.de\/ms\/index.php?rest_route=\/wp\/v2\/types\/page"}],"author":[{"embeddable":true,"href":"https:\/\/mittelschule-parsberg.de\/ms\/index.php?rest_route=\/wp\/v2\/users\/1"}],"replies":[{"embeddable":true,"href":"https:\/\/mittelschule-parsberg.de\/ms\/index.php?rest_route=%2Fwp%2Fv2%2Fcomments&post=206"}],"version-history":[{"count":0,"href":"https:\/\/mittelschule-parsberg.de\/ms\/index.php?rest_route=\/wp\/v2\/pages\/206\/revisions"}],"wp:attachment":[{"href":"https:\/\/mittelschule-parsberg.de\/ms\/index.php?rest_route=%2Fwp%2Fv2%2Fmedia&parent=206"}],"curies":[{"name":"wp","href":"https:\/\/api.w.org\/{rel}","templated":true}]}}